{"id":24,"date":"2020-08-27T12:03:28","date_gmt":"2020-08-27T10:03:28","guid":{"rendered":"http:\/\/www.sp-soluciones.es\/?page_id=24"},"modified":"2020-09-19T19:10:14","modified_gmt":"2020-09-19T17:10:14","slug":"home","status":"publish","type":"page","link":"https:\/\/www.sp-soluciones.es\/","title":{"rendered":"home"},"content":{"rendered":"\t\t<div data-elementor-type=\"wp-page\" data-elementor-id=\"24\" class=\"elementor elementor-24\" data-elementor-settings=\"[]\">\n\t\t\t\t\t\t<div class=\"elementor-inner\">\n\t\t\t\t\t\t\t<div class=\"elementor-section-wrap\">\n\t\t\t\t\t\t\t<section class=\"elementor-section elementor-top-section elementor-element elementor-element-035fb81 elementor-section-boxed elementor-section-height-default elementor-section-height-default\" data-id=\"035fb81\" data-element_type=\"section\">\n\t\t\t\t\t\t<div class=\"elementor-container elementor-column-gap-default\">\n\t\t\t\t\t\t\t<div class=\"elementor-row\">\n\t\t\t\t\t<div class=\"elementor-column elementor-col-100 elementor-top-column elementor-element elementor-element-925cbcc\" data-id=\"925cbcc\" data-element_type=\"column\">\n\t\t\t<div class=\"elementor-column-wrap elementor-element-populated\">\n\t\t\t\t\t\t\t<div class=\"elementor-widget-wrap\">\n\t\t\t\t\t\t<div class=\"elementor-element elementor-element-683507f elementor-widget elementor-widget-welcome-section\" data-id=\"683507f\" data-element_type=\"widget\" data-widget_type=\"welcome-section.default\">\n\t\t\t\t<div class=\"elementor-widget-container\">\n\t\t\t\t\t\t<div class=\"section-full p-t20 p-b50 bg-white\">\n\t\t\t\t<div class=\"section-content\">\n                    <div class=\"row d-flex justify-content-center flex-wrap\">\n                            <div class=\"col-lg-6 col-md-12 m-b30\">\n                            \t<div class=\"arc-home-about-right masonry-wrap\">\n                                \t<div class=\"row\">\n                                    \t\t\t\t\t\t\t\t\t\t\t\t<div class=\"col-md-12 col-sm-12 masonry-item\">\n\t\t\t\t\t\t\t\t\t\t\t\t<div class=\"wt-media m-b20  img-reflection\">\n\t\t\t\t\t\t\t\t\t\t\t\t\t<img src=\"https:\/\/www.sp-soluciones.es\/wp-content\/uploads\/2020\/08\/gestion-energia-1.jpg\" alt=\"img\">\n\t\t\t\t\t\t\t\t\t\t\t\t<\/div>\n\t\t\t\t\t\t\t\t\t\t\t<\/div>\t\n\t\t\t\t\t\t\t\t\t\t\t                                    <\/div>\t\t\n                                <\/div>\n                            <\/div> \n                            <div class=\"col-lg-6 col-md-12 m-b40\">\n                                <div class=\"whatWedo-info-section\">\n                                    <!-- TITLE START-->\n                                    <div class=\"left wt-small-separator-outer\">\n                                        <div class=\"wt-small-separator site-text-primary\">\n                                            <div  class=\"sep-leaf-left\"><\/div>\n                                            <div>Optimiza tu energ\u00eda<\/div>\n                                            <div  class=\"sep-leaf-right\"><\/div>\n                                        <\/div>\n                                        <h2>Gesti\u00f3n energ\u00e9tica<\/h2>\n                                        Somos profesionales y especialistas en gestionar la eficiencia energ\u00e9tica de un punto de suministro, bien sea en grandes empresas (Hoteles Fabricas, Etc\u2026), tambi\u00e9n en Edificios o Comunidades de Propietarios y en peque\u00f1as pymes (Bares, Restaurantes, Talleres, Etc\u2026), nuestro trabajo es mejorar y optimizar sus facturas de luz y gas, mostrarle cuanto podr\u00eda ahorrar en sus facturas, con las ofertas personalizadas por parte de las el\u00e9ctricas para su punto de suministro.<br>\nHacemos trajes a medida, seg\u00fan las caracter\u00edsticas de cada cliente y muy importante todo esto no implica ning\u00fan gasto para nuestros clientes, ya que nuestros honorarios los pagan  las empresas el\u00e9ctricas con las que trabajamos.<br>\nLl\u00e1manos y un gestor se pondr\u00e1 en contacto con usted personalmente.<br>                                    <\/div>\n                                    <div class=\"welcom-to-section-bottom d-flex justify-content-between\">\n\t\t\t\t\t\t\t\t\t\t<div class=\"welcom-btn-position\">\n\t\t\t\t\t\t\t\t\t\t\t<a  href=\"\/index.php\/contacto\" class=\"site-button site-btn-effect\">Contactanos<\/a>\n\t\t\t\t\t\t\t\t\t\t<\/div>\n\t\t\t\t\t\t\t\t\t<\/div>                                     \n                                <\/div>                        \n                            <\/div>\n                    <\/div>\n\t\t\t\t<\/div>\n            <\/div>\n\t\t\t\t\t<\/div>\n\t\t\t\t<\/div>\n\t\t\t\t\t\t<\/div>\n\t\t\t\t\t<\/div>\n\t\t<\/div>\n\t\t\t\t\t\t\t\t<\/div>\n\t\t\t\t\t<\/div>\n\t\t<\/section>\n\t\t\t\t<section class=\"elementor-section elementor-top-section elementor-element elementor-element-e98537a elementor-section-boxed elementor-section-height-default elementor-section-height-default\" data-id=\"e98537a\" data-element_type=\"section\">\n\t\t\t\t\t\t<div class=\"elementor-container elementor-column-gap-default\">\n\t\t\t\t\t\t\t<div class=\"elementor-row\">\n\t\t\t\t\t<div class=\"elementor-column elementor-col-100 elementor-top-column elementor-element elementor-element-9d18f35\" data-id=\"9d18f35\" data-element_type=\"column\">\n\t\t\t<div class=\"elementor-column-wrap elementor-element-populated\">\n\t\t\t\t\t\t\t<div class=\"elementor-widget-wrap\">\n\t\t\t\t\t\t<div class=\"elementor-element elementor-element-45f6f6e elementor-widget elementor-widget-services-section\" data-id=\"45f6f6e\" data-element_type=\"widget\" data-widget_type=\"services-section.default\">\n\t\t\t\t<div class=\"elementor-widget-container\">\n\t\t\t\t\t\t<div class=\"section-full small-device p-b40 top-half-section-outer\">\n\t\t\t\t<!-- IMAGE CAROUSEL START -->\n\t\t\t\t<div class=\"section-content clearfix\">\n\t\t\t\t\t\t\t\t\t\t\t<div class=\"section-head center wt-small-separator-outer text-center\">\n\t\t\t\t\t\t\t<div class=\"wt-small-separator site-text-primary\">\n\t\t\t\t\t\t\t\t<div class=\"sep-leaf-left\"><\/div>\n\t\t\t\t\t\t\t\t<div>Conoce nuestros<\/div>\n\t\t\t\t\t\t\t\t<div class=\"sep-leaf-right\"><\/div>\n\t\t\t\t\t\t\t<\/div>\n\t\t\t\t\t\t\t<h2>Servicios<\/h2>\n\t\t\t\t\t\t<\/div>\t\n\t\t\t\t\t\t\t\t\t\t\t\n\t\t\t\t\t<div class=\"row d-flex justify-content-center\">\n\t\t\t\t\t\t\t\t\t\t\t\t\t<div class=\"col-lg-4 col-md-6 m-b50\">\n\t\t\t\t\t\t\t\t<div class=\"service-border-box\">\n\t\t\t\t\t\t\t\t\t<div class=\"wt-box service-box-1\">\n\t\t\t\t\t\t\t\t\t\t<div class=\"wt-icon-box-wraper\">\n\t\t\t\t\t\t\t\t\t\t\t<div class=\"wt-icon-box-md site-bg-primary\">\n\t\t\t\t\t\t\t\t\t\t\t\t<span class=\"icon-cell text-white\"><i class=\"fas fa-sun\"><\/i><\/span>\n\t\t\t\t\t\t\t\t\t\t\t<\/div>\n\t\t\t\t\t\t\t\t\t\t\t<div class=\"wt-icon-number\"><span>01<\/span><\/div>\n\t\t\t\t\t\t\t\t\t\t<\/div>\n\t\t\t\t\t\t\t\t\t\t<div class=\"service-box-title title-style-2 site-text-secondry\">\n\t\t\t\t\t\t\t\t\t\t\t<span class=\"s-title-one\">Autoconsumo solar<\/span>     \n\t\t\t\t\t\t\t\t\t\t<\/div>\n\t\t\t\t\t\t\t\t\t\t<div class=\"service-box-content\">\n\t\t\t\t\t\t\t\t\t\t\t<p>\u00bfQu\u00e9 es el Autoconsumo solar?\r\nAprovechamiento de la energ\u00eda solar para que un consumidor genere <\/p>\n\t\t\t\t\t\t\t\t\t\t\t<a href=\"https:\/\/www.sp-soluciones.es\/index.php\/services\/autoconsumo-solar\/\" class=\"site-button-link\">Leer m\u00e1s<\/a>\n\t\t\t\t\t\t\t\t\t\t<\/div>\n\t\t\t\t\t\t\t\t\t<\/div>\n\t\t\t\t\t\t\t\t<\/div>    \n\t\t\t\t\t\t\t<\/div>\n\t\t\t\t\t\t\t\t\t\t\t\t<\/div>\n\t\t\t\t<\/div>\n\t\t\t<\/div>\n\t\t\t\t\t\t\t<\/div>\n\t\t\t\t<\/div>\n\t\t\t\t\t\t<\/div>\n\t\t\t\t\t<\/div>\n\t\t<\/div>\n\t\t\t\t\t\t\t\t<\/div>\n\t\t\t\t\t<\/div>\n\t\t<\/section>\n\t\t\t\t<section class=\"elementor-section elementor-top-section elementor-element elementor-element-72d6e27 elementor-section-boxed elementor-section-height-default elementor-section-height-default\" data-id=\"72d6e27\" data-element_type=\"section\">\n\t\t\t\t\t\t<div class=\"elementor-container elementor-column-gap-default\">\n\t\t\t\t\t\t\t<div class=\"elementor-row\">\n\t\t\t\t\t<div class=\"elementor-column elementor-col-100 elementor-top-column elementor-element elementor-element-9b0ca52\" data-id=\"9b0ca52\" data-element_type=\"column\">\n\t\t\t<div class=\"elementor-column-wrap elementor-element-populated\">\n\t\t\t\t\t\t\t<div class=\"elementor-widget-wrap\">\n\t\t\t\t\t\t<div class=\"elementor-element elementor-element-13df3df elementor-view-default elementor-widget elementor-widget-icon\" data-id=\"13df3df\" data-element_type=\"widget\" data-widget_type=\"icon.default\">\n\t\t\t\t<div class=\"elementor-widget-container\">\n\t\t\t\t\t<div class=\"elementor-icon-wrapper\">\n\t\t\t<div class=\"elementor-icon\">\n\t\t\t<i aria-hidden=\"true\" class=\"fas fa-star\"><\/i>\t\t\t<\/div>\n\t\t<\/div>\n\t\t\t\t<\/div>\n\t\t\t\t<\/div>\n\t\t\t\t\t\t<\/div>\n\t\t\t\t\t<\/div>\n\t\t<\/div>\n\t\t\t\t\t\t\t\t<\/div>\n\t\t\t\t\t<\/div>\n\t\t<\/section>\n\t\t\t\t\t\t<\/div>\n\t\t\t\t\t\t<\/div>\n\t\t\t\t\t<\/div>\n\t\t","protected":false},"excerpt":{"rendered":"<p>Optimiza tu energ\u00eda Gesti\u00f3n energ\u00e9tica Somos profesionales y especialistas en gestionar la eficiencia energ\u00e9tica de un punto de suministro, bien sea en grandes empresas (Hoteles Fabricas, Etc\u2026), tambi\u00e9n en Edificios o Comunidades de Propietarios y en peque\u00f1as pymes (Bares, Restaurantes, Talleres, Etc\u2026), nuestro trabajo es mejorar y optimizar sus facturas de luz y gas, mostrarle [&hellip;]<\/p>\n","protected":false},"author":1,"featured_media":0,"parent":0,"menu_order":0,"comment_status":"closed","ping_status":"closed","template":"","meta":[],"_links":{"self":[{"href":"https:\/\/www.sp-soluciones.es\/index.php\/wp-json\/wp\/v2\/pages\/24"}],"collection":[{"href":"https:\/\/www.sp-soluciones.es\/index.php\/wp-json\/wp\/v2\/pages"}],"about":[{"href":"https:\/\/www.sp-soluciones.es\/index.php\/wp-json\/wp\/v2\/types\/page"}],"author":[{"embeddable":true,"href":"https:\/\/www.sp-soluciones.es\/index.php\/wp-json\/wp\/v2\/users\/1"}],"replies":[{"embeddable":true,"href":"https:\/\/www.sp-soluciones.es\/index.php\/wp-json\/wp\/v2\/comments?post=24"}],"version-history":[{"count":21,"href":"https:\/\/www.sp-soluciones.es\/index.php\/wp-json\/wp\/v2\/pages\/24\/revisions"}],"predecessor-version":[{"id":118,"href":"https:\/\/www.sp-soluciones.es\/index.php\/wp-json\/wp\/v2\/pages\/24\/revisions\/118"}],"wp:attachment":[{"href":"https:\/\/www.sp-soluciones.es\/index.php\/wp-json\/wp\/v2\/media?parent=24"}],"curies":[{"name":"wp","href":"https:\/\/api.w.org\/{rel}","templated":true}]}}